{"id":118,"date":"2015-10-03T13:48:57","date_gmt":"2015-10-03T13:48:57","guid":{"rendered":"http:\/\/opiniaodetudo.com\/?page_id=118"},"modified":"2019-08-31T16:53:28","modified_gmt":"2019-08-31T16:53:28","slug":"contato","status":"publish","type":"page","link":"https:\/\/opiniaodetudo.com\/index.php\/contato\/","title":{"rendered":"Contato"},"content":{"rendered":"<p>Entre em contato com a Administra\u00e7\u00e3o do Blog opiniaodetudo.com<\/p>\n<div role=\"form\" class=\"wpcf7\" id=\"wpcf7-f1343-o1\" lang=\"pt-BR\" dir=\"ltr\">\n<div class=\"screen-reader-response\" role=\"alert\" aria-live=\"polite\"><\/div>\n<form action=\"\/index.php\/wp-json\/wp\/v2\/pages\/118#wpcf7-f1343-o1\" method=\"post\" class=\"wpcf7-form init\" novalidate=\"novalidate\">\n<div style=\"display: none;\">\n<input type=\"hidden\" name=\"_wpcf7\" value=\"1343\" \/>\n<input type=\"hidden\" name=\"_wpcf7_version\" value=\"5.2\" \/>\n<input type=\"hidden\" name=\"_wpcf7_locale\" value=\"pt_BR\" \/>\n<input type=\"hidden\" name=\"_wpcf7_unit_tag\" value=\"wpcf7-f1343-o1\" \/>\n<input type=\"hidden\" name=\"_wpcf7_container_post\" value=\"0\" \/>\n<input type=\"hidden\" name=\"_wpcf7_posted_data_hash\" value=\"\" \/>\n<input type=\"hidden\" name=\"_wpcf7_recaptcha_response\" value=\"\" \/>\n<\/div>\n<p><label> Seu nome (obrigat\u00f3rio)<br \/>\n    <span class=\"wpcf7-form-control-wrap your-name\"><input type=\"text\" name=\"your-name\" value=\"\" size=\"40\" class=\"wpcf7-form-control wpcf7-text wpcf7-validates-as-required\" aria-required=\"true\" aria-invalid=\"false\" \/><\/span> <\/label><\/p>\n<p><label> Seu e-mail (obrigat\u00f3rio)<br \/>\n    <span class=\"wpcf7-form-control-wrap your-email\"><input type=\"email\" name=\"your-email\" value=\"\" size=\"40\" class=\"wpcf7-form-control wpcf7-text wpcf7-email wpcf7-validates-as-required wpcf7-validates-as-email\" aria-required=\"true\" aria-invalid=\"false\" \/><\/span> <\/label><\/p>\n<p><label> Assunto<br \/>\n    <span class=\"wpcf7-form-control-wrap your-subject\"><input type=\"text\" name=\"your-subject\" value=\"\" size=\"40\" class=\"wpcf7-form-control wpcf7-text\" aria-invalid=\"false\" \/><\/span> <\/label><\/p>\n<p><label> Sua mensagem<br \/>\n    <span class=\"wpcf7-form-control-wrap your-message\"><textarea name=\"your-message\" cols=\"40\" rows=\"10\" class=\"wpcf7-form-control wpcf7-textarea\" aria-invalid=\"false\"><\/textarea><\/span> <\/label><\/p>\n\n<p><input type=\"submit\" value=\"Enviar\" class=\"wpcf7-form-control wpcf7-submit\" \/><\/p>\n<div class=\"wpcf7-response-output\" role=\"alert\" aria-hidden=\"true\"><\/div><\/form><\/div>\n","protected":false},"excerpt":{"rendered":"<p>Entre em contato com a Administra\u00e7\u00e3o do Blog opiniaodetudo.com<\/p>\n","protected":false},"author":1,"featured_media":0,"parent":0,"menu_order":0,"comment_status":"closed","ping_status":"closed","template":"","meta":{"spay_email":"","footnotes":""},"jetpack_sharing_enabled":true,"jetpack_shortlink":"https:\/\/wp.me\/P6N3xn-1U","jetpack-related-posts":[{"id":1926,"url":"https:\/\/opiniaodetudo.com\/index.php\/palestras\/","url_meta":{"origin":118,"position":0},"title":"Palestras","date":"julho 12, 2023","format":false,"excerpt":"Titulo: Professor 4.0 Aprimore suas habilidades educacionais com a tecnologia em nossa palestra! Descubra como a tecnologia pode ajudar a melhorar o aprendizado e tornar a educa\u00e7\u00e3o mais eficaz.\u00a0 P\u00fablico alvo Esta palestra \u00e9 direcionada especificamente para professores e tem como objetivo incentivar a import\u00e2ncia da qualifica\u00e7\u00e3o e evolu\u00e7\u00e3o profissional.\u2026","rel":"","context":"Post similar","img":{"alt_text":"","src":"https:\/\/i2.wp.com\/img.youtube.com\/vi\/gvqlffw3gCM\/0.jpg?resize=350%2C200","width":350,"height":200},"classes":[]},{"id":794,"url":"https:\/\/opiniaodetudo.com\/index.php\/anuncie-no-emissor-gratuito-de-sat\/","url_meta":{"origin":118,"position":1},"title":"Anuncie no Emissor Gratuito de SAT","date":"julho 5, 2017","format":false,"excerpt":"Voc\u00ea deve saber que muitas pessoas usam o nosso emissor gratuito de SAT, e todas essas pessoas ao abrir o emissor ver\u00e3o as propagandas obrigatoriamente no emissor, caso voc\u00ea tenha interesse em divulgar a sua marca no nosso emissor verifique os planos abaixo Atualmente temos dispon\u00edveis 4 \u00a0espa\u00e7os para propagandas\u2026","rel":"","context":"Post similar","img":{"alt_text":"","src":"","width":0,"height":0},"classes":[]},{"id":9,"url":"https:\/\/opiniaodetudo.com\/index.php\/sobre-2\/","url_meta":{"origin":118,"position":2},"title":"Sobre","date":"setembro 11, 2015","format":false,"excerpt":"Graduado em processamento de dados, Licenciado em Inform\u00e1tica, Especialista em Consultoria Web e Tecnologias na Educa\u00e7\u00e3o a dist\u00e2ncia, com mais de 15 anos de experiencia em desenvolvimento de sistemas para automa\u00e7\u00e3o comercial, SAT, NFCe, NFe, Cte entre outros tanto em Delphi quanto em PHP, Consultor e Palestrante para desenvolvimento, gest\u00e3o\u2026","rel":"","context":"Post similar","img":{"alt_text":"","src":"","width":0,"height":0},"classes":[]},{"id":1286,"url":"https:\/\/opiniaodetudo.com\/index.php\/grupo-telegram\/","url_meta":{"origin":118,"position":3},"title":"Grupo Telegram","date":"maio 5, 2019","format":false,"excerpt":"Regras do Grupo: 1- O Assunto do grupo se limita a Desenvolvimento em Delphi e PHP. 2- Todos os membros ativos no grupo poder\u00e3o responder as d\u00favidas dos outros membros. 3- Eu serei apenas um intermediador do grupo.. e tentarei sanar as d\u00favidas que estiverem dentro do meu conhecimento como\u2026","rel":"","context":"Post similar","img":{"alt_text":"","src":"","width":0,"height":0},"classes":[]},{"id":1923,"url":"https:\/\/opiniaodetudo.com\/index.php\/dominandoodelphi\/","url_meta":{"origin":118,"position":4},"title":"Curso - Dominando o Delphi","date":"julho 12, 2023","format":false,"excerpt":"Dominando Delphi CARGA Hor\u00e1ria 18 Horas Acesse o Nosso Grupo no Whatsapp e mantenha-se informado: https:\/\/chat.whatsapp.com\/KqfqGl3JM4Q8ZNRwigulJZ \ud83d\ude80 Descubra o poder do desenvolvimento de aplicativos com Delphi! \ud83d\ude80 \ud83d\udce2 D\u00ea os primeiros passos no mundo da programa\u00e7\u00e3o com o curso \"Dominando Delphi: Curso para Iniciantes\". Aprenda a criar aplicativos incr\u00edveis e\u2026","rel":"","context":"Post similar","img":{"alt_text":"","src":"https:\/\/i1.wp.com\/img.youtube.com\/vi\/\/0.jpg?resize=350%2C200","width":350,"height":200},"classes":[]},{"id":265,"url":"https:\/\/opiniaodetudo.com\/index.php\/loja\/","url_meta":{"origin":118,"position":5},"title":"Loja","date":"outubro 15, 2015","format":false,"excerpt":"","rel":"","context":"Post similar","img":{"alt_text":"","src":"","width":0,"height":0},"classes":[]}],"_links":{"self":[{"href":"https:\/\/opiniaodetudo.com\/index.php\/wp-json\/wp\/v2\/pages\/118"}],"collection":[{"href":"https:\/\/opiniaodetudo.com\/index.php\/wp-json\/wp\/v2\/pages"}],"about":[{"href":"https:\/\/opiniaodetudo.com\/index.php\/wp-json\/wp\/v2\/types\/page"}],"author":[{"embeddable":true,"href":"https:\/\/opiniaodetudo.com\/index.php\/wp-json\/wp\/v2\/users\/1"}],"replies":[{"embeddable":true,"href":"https:\/\/opiniaodetudo.com\/index.php\/wp-json\/wp\/v2\/comments?post=118"}],"version-history":[{"count":3,"href":"https:\/\/opiniaodetudo.com\/index.php\/wp-json\/wp\/v2\/pages\/118\/revisions"}],"predecessor-version":[{"id":1345,"href":"https:\/\/opiniaodetudo.com\/index.php\/wp-json\/wp\/v2\/pages\/118\/revisions\/1345"}],"wp:attachment":[{"href":"https:\/\/opiniaodetudo.com\/index.php\/wp-json\/wp\/v2\/media?parent=118"}],"curies":[{"name":"wp","href":"https:\/\/api.w.org\/{rel}","templated":true}]}}