{"id":1286,"date":"2019-05-05T22:18:26","date_gmt":"2019-05-05T22:18:26","guid":{"rendered":"http:\/\/opiniaodetudo.com\/?page_id=1286"},"modified":"2021-02-26T19:56:47","modified_gmt":"2021-02-26T19:56:47","slug":"grupo-telegram","status":"publish","type":"page","link":"https:\/\/opiniaodetudo.com\/index.php\/grupo-telegram\/","title":{"rendered":"Grupo Telegram"},"content":{"rendered":"<p>Regras do Grupo:<\/p>\n<p>1- O Assunto do grupo se limita a Desenvolvimento em Delphi e PHP.<\/p>\n<p>2- Todos os membros ativos no grupo poder\u00e3o responder as d\u00favidas dos outros membros.<\/p>\n<p>3- Eu serei apenas um intermediador do grupo.. e tentarei sanar as d\u00favidas que estiverem dentro do meu conhecimento como os demais membros.<\/p>\n<p>4- O usu\u00e1rio que n\u00e3o respeitar as regras poder\u00e1 ser exclu\u00eddo do grupo.<\/p>\n<p>5 -Nenhum conte\u00fado como frases motivadoras, videos e propagandas ser\u00e3o permitidos, sendo o grupo restrito apenas para tirar d\u00favidas sobre Delphi, NFe, NFCe, SAT, MFe e demais assuntos de interesse do grupo voltados a desenvolvimento de sistemas.<\/p>\n<p>Para Fazer parte do Grupo Acesse o link: <a href=\"https:\/\/t.me\/joinchat\/FDl3zCQf2dGn1w6R\">https:\/\/t.me\/joinchat\/FDl3zCQf2dGn1w6R<\/a><\/p>\n","protected":false},"excerpt":{"rendered":"<p>Regras do Grupo: 1- O Assunto do grupo se limita a Desenvolvimento em Delphi e PHP. 2- Todos os membros ativos no grupo poder\u00e3o responder as d\u00favidas dos outros membros. 3- Eu serei apenas um intermediador do grupo.. e tentarei sanar as d\u00favidas que estiverem dentro do meu conhecimento como os demais membros. 4- O [&hellip;]<\/p>\n","protected":false},"author":1,"featured_media":0,"parent":0,"menu_order":0,"comment_status":"closed","ping_status":"closed","template":"","meta":{"spay_email":"","footnotes":""},"jetpack_sharing_enabled":true,"jetpack_shortlink":"https:\/\/wp.me\/P6N3xn-kK","jetpack-related-posts":[{"id":1923,"url":"https:\/\/opiniaodetudo.com\/index.php\/dominandoodelphi\/","url_meta":{"origin":1286,"position":0},"title":"Curso - Dominando o Delphi","date":"julho 12, 2023","format":false,"excerpt":"Dominando Delphi CARGA Hor\u00e1ria 18 Horas Acesse o Nosso Grupo no Whatsapp e mantenha-se informado: https:\/\/chat.whatsapp.com\/KqfqGl3JM4Q8ZNRwigulJZ \ud83d\ude80 Descubra o poder do desenvolvimento de aplicativos com Delphi! \ud83d\ude80 \ud83d\udce2 D\u00ea os primeiros passos no mundo da programa\u00e7\u00e3o com o curso \"Dominando Delphi: Curso para Iniciantes\". Aprenda a criar aplicativos incr\u00edveis e\u2026","rel":"","context":"Post similar","img":{"alt_text":"","src":"https:\/\/i1.wp.com\/img.youtube.com\/vi\/\/0.jpg?resize=350%2C200","width":350,"height":200},"classes":[]},{"id":9,"url":"https:\/\/opiniaodetudo.com\/index.php\/sobre-2\/","url_meta":{"origin":1286,"position":1},"title":"Sobre","date":"setembro 11, 2015","format":false,"excerpt":"Graduado em processamento de dados, Licenciado em Inform\u00e1tica, Especialista em Consultoria Web e Tecnologias na Educa\u00e7\u00e3o a dist\u00e2ncia, com mais de 15 anos de experiencia em desenvolvimento de sistemas para automa\u00e7\u00e3o comercial, SAT, NFCe, NFe, Cte entre outros tanto em Delphi quanto em PHP, Consultor e Palestrante para desenvolvimento, gest\u00e3o\u2026","rel":"","context":"Post similar","img":{"alt_text":"","src":"","width":0,"height":0},"classes":[]},{"id":794,"url":"https:\/\/opiniaodetudo.com\/index.php\/anuncie-no-emissor-gratuito-de-sat\/","url_meta":{"origin":1286,"position":2},"title":"Anuncie no Emissor Gratuito de SAT","date":"julho 5, 2017","format":false,"excerpt":"Voc\u00ea deve saber que muitas pessoas usam o nosso emissor gratuito de SAT, e todas essas pessoas ao abrir o emissor ver\u00e3o as propagandas obrigatoriamente no emissor, caso voc\u00ea tenha interesse em divulgar a sua marca no nosso emissor verifique os planos abaixo Atualmente temos dispon\u00edveis 4 \u00a0espa\u00e7os para propagandas\u2026","rel":"","context":"Post similar","img":{"alt_text":"","src":"","width":0,"height":0},"classes":[]},{"id":1926,"url":"https:\/\/opiniaodetudo.com\/index.php\/palestras\/","url_meta":{"origin":1286,"position":3},"title":"Palestras","date":"julho 12, 2023","format":false,"excerpt":"Titulo: Professor 4.0 Aprimore suas habilidades educacionais com a tecnologia em nossa palestra! Descubra como a tecnologia pode ajudar a melhorar o aprendizado e tornar a educa\u00e7\u00e3o mais eficaz.\u00a0 P\u00fablico alvo Esta palestra \u00e9 direcionada especificamente para professores e tem como objetivo incentivar a import\u00e2ncia da qualifica\u00e7\u00e3o e evolu\u00e7\u00e3o profissional.\u2026","rel":"","context":"Post similar","img":{"alt_text":"","src":"https:\/\/i2.wp.com\/img.youtube.com\/vi\/gvqlffw3gCM\/0.jpg?resize=350%2C200","width":350,"height":200},"classes":[]}],"_links":{"self":[{"href":"https:\/\/opiniaodetudo.com\/index.php\/wp-json\/wp\/v2\/pages\/1286"}],"collection":[{"href":"https:\/\/opiniaodetudo.com\/index.php\/wp-json\/wp\/v2\/pages"}],"about":[{"href":"https:\/\/opiniaodetudo.com\/index.php\/wp-json\/wp\/v2\/types\/page"}],"author":[{"embeddable":true,"href":"https:\/\/opiniaodetudo.com\/index.php\/wp-json\/wp\/v2\/users\/1"}],"replies":[{"embeddable":true,"href":"https:\/\/opiniaodetudo.com\/index.php\/wp-json\/wp\/v2\/comments?post=1286"}],"version-history":[{"count":7,"href":"https:\/\/opiniaodetudo.com\/index.php\/wp-json\/wp\/v2\/pages\/1286\/revisions"}],"predecessor-version":[{"id":1890,"href":"https:\/\/opiniaodetudo.com\/index.php\/wp-json\/wp\/v2\/pages\/1286\/revisions\/1890"}],"wp:attachment":[{"href":"https:\/\/opiniaodetudo.com\/index.php\/wp-json\/wp\/v2\/media?parent=1286"}],"curies":[{"name":"wp","href":"https:\/\/api.w.org\/{rel}","templated":true}]}}