{"id":1923,"date":"2023-07-12T16:52:07","date_gmt":"2023-07-12T16:52:07","guid":{"rendered":"http:\/\/opiniaodetudo.com\/?page_id=1923"},"modified":"2023-10-02T20:59:33","modified_gmt":"2023-10-02T20:59:33","slug":"dominandoodelphi","status":"publish","type":"page","link":"https:\/\/opiniaodetudo.com\/index.php\/dominandoodelphi\/","title":{"rendered":"Curso &#8211; Dominando o Delphi"},"content":{"rendered":"\n<p>Dominando Delphi CARGA Hor\u00e1ria 18 Horas<\/p>\n\n\n\n<p>Acesse o Nosso Grupo no Whatsapp e mantenha-se informado: https:\/\/chat.whatsapp.com\/KqfqGl3JM4Q8ZNRwigulJZ<\/p>\n\n\n\n<p>&#x1f680; Descubra o poder do desenvolvimento de aplicativos com Delphi! &#x1f680;<\/p>\n\n\n\n<p>&#x1f4e2; D\u00ea os primeiros passos no mundo da programa\u00e7\u00e3o com o curso &#8220;Dominando Delphi: Curso para Iniciantes&#8221;. Aprenda a criar aplicativos incr\u00edveis e explore todo o potencial dessa linguagem de programa\u00e7\u00e3o renomada.<\/p>\n\n\n\n<p>&#x1f4a1; Quer se tornar um desenvolvedor de software e construir suas pr\u00f3prias aplica\u00e7\u00f5es? Ent\u00e3o esse curso \u00e9 perfeito para voc\u00ea! Com uma abordagem pr\u00e1tica e did\u00e1tica, vamos gui\u00e1-lo desde os conceitos b\u00e1sicos at\u00e9 a cria\u00e7\u00e3o de aplica\u00e7\u00f5es desktop completas.<\/p>\n\n\n\n<p>&#x1f511; O que voc\u00ea vai aprender: <\/p>\n\n\n\n<p>&#x2705; Configura\u00e7\u00e3o do ambiente de desenvolvimento Delphi <\/p>\n\n\n\n<p>&#x2705; Manipula\u00e7\u00e3o de interface do usu\u00e1rio com componentes visuais <\/p>\n\n\n\n<p>&#x2705; Trabalho com dados, bancos de dados e fontes de dados externas<\/p>\n\n\n\n<p> &#x2705; Programa\u00e7\u00e3o procedural em Delphi <\/p>\n\n\n\n<p>&#x2705; Cria\u00e7\u00e3o de aplica\u00e7\u00f5es desktop passo a passo <\/p>\n\n\n\n<p>&#x2705; Depura\u00e7\u00e3o de c\u00f3digo e otimiza\u00e7\u00e3o de desempenho<\/p>\n\n\n\n<p>&#x1f3af; Aprenda com instrutores experientes, que possuem anos de experi\u00eancia no desenvolvimento de aplicativos Delphi. Tenha acesso a materiais de alta qualidade, exerc\u00edcios pr\u00e1ticos e suporte personalizado ao longo de sua jornada de aprendizado.<\/p>\n\n\n\n<p>&#x1f31f; Este \u00e9 o momento perfeito para dominar Delphi e abrir portas para novas oportunidades de carreira. N\u00e3o deixe essa chance passar!<\/p>\n\n\n\n<p>&#x1f4c6; Reserve seu lugar no curso &#8220;Dominando Delphi: Curso para Iniciantes&#8221; agora mesmo. Clique no link abaixo para mais informa\u00e7\u00f5es e inscri\u00e7\u00f5es.<\/p>\n\n\n\n<p>&#x1f449;  <a href=\"https:\/\/chk.eduzz.com\/2000109\">https:\/\/chk.eduzz.com\/2000109<\/a><\/p>\n\n\n\n<p><a href=\"https:\/\/opiniaodetudo.com\/Dominando_o_Delphi.rar\">Clique aqui e Baixe o Projeto completo desenvolvido nas 9 aulas do curso<\/a><\/p>\n\n\n\n<p>&#x26a1;&#xfe0f; Aprenda Delphi e transforme suas ideias em realidade! &#x26a1;&#xfe0f;<\/p>\n\n\n\n<p><strong>Sobre o curso<\/strong><\/p>\n\n\n\n<figure class=\"wp-block-embed is-type-video is-provider-youtube wp-block-embed-youtube wp-embed-aspect-16-9 wp-has-aspect-ratio\"><div class=\"wp-block-embed__wrapper\">\n<iframe loading=\"lazy\" title=\"CURSO DOMINANDO O DELPHI, para profissionais que queiram conhecer o DELPHI\" width=\"648\" height=\"365\" src=\"https:\/\/www.youtube.com\/embed\/d_7g2AFKRXw?feature=oembed\" frameborder=\"0\" allow=\"accelerometer; autoplay; clipboard-write; encrypted-media; gyroscope; picture-in-picture; web-share\" referrerpolicy=\"strict-origin-when-cross-origin\" allowfullscreen><\/iframe>\n<\/div><\/figure>\n\n\n\n<p><strong>Aula 1 &#8211; dispon\u00edvel gratuitamente<\/strong><\/p>\n\n\n\n<figure class=\"wp-block-embed is-type-video is-provider-youtube wp-block-embed-youtube wp-embed-aspect-16-9 wp-has-aspect-ratio\"><div class=\"wp-block-embed__wrapper\">\n<span class=\"embed-youtube\" style=\"text-align:center; display: block;\"><iframe class='youtube-player' width='648' height='365' src='https:\/\/www.youtube.com\/embed\/byvv6vj1NN4?version=3&#038;rel=1&#038;fs=1&#038;autohide=2&#038;showsearch=0&#038;showinfo=1&#038;iv_load_policy=1&#038;wmode=transparent' allowfullscreen='true' style='border:0;'><\/iframe><\/span>\n<\/div><\/figure>\n","protected":false},"excerpt":{"rendered":"<p>Dominando Delphi CARGA Hor\u00e1ria 18 Horas Acesse o Nosso Grupo no Whatsapp e mantenha-se informado: https:\/\/chat.whatsapp.com\/KqfqGl3JM4Q8ZNRwigulJZ &#x1f680; Descubra o poder do desenvolvimento de aplicativos com Delphi! &#x1f680; &#x1f4e2; D\u00ea os primeiros passos no mundo da programa\u00e7\u00e3o com o curso &#8220;Dominando Delphi: Curso para Iniciantes&#8221;. Aprenda a criar aplicativos incr\u00edveis e explore todo o potencial dessa [&hellip;]<\/p>\n","protected":false},"author":1,"featured_media":0,"parent":0,"menu_order":0,"comment_status":"closed","ping_status":"closed","template":"","meta":{"spay_email":"","footnotes":""},"jetpack_sharing_enabled":true,"jetpack_shortlink":"https:\/\/wp.me\/P6N3xn-v1","jetpack-related-posts":[{"id":1286,"url":"https:\/\/opiniaodetudo.com\/index.php\/grupo-telegram\/","url_meta":{"origin":1923,"position":0},"title":"Grupo Telegram","date":"maio 5, 2019","format":false,"excerpt":"Regras do Grupo: 1- O Assunto do grupo se limita a Desenvolvimento em Delphi e PHP. 2- Todos os membros ativos no grupo poder\u00e3o responder as d\u00favidas dos outros membros. 3- Eu serei apenas um intermediador do grupo.. e tentarei sanar as d\u00favidas que estiverem dentro do meu conhecimento como\u2026","rel":"","context":"Post similar","img":{"alt_text":"","src":"","width":0,"height":0},"classes":[]},{"id":9,"url":"https:\/\/opiniaodetudo.com\/index.php\/sobre-2\/","url_meta":{"origin":1923,"position":1},"title":"Sobre","date":"setembro 11, 2015","format":false,"excerpt":"Graduado em processamento de dados, Licenciado em Inform\u00e1tica, Especialista em Consultoria Web e Tecnologias na Educa\u00e7\u00e3o a dist\u00e2ncia, com mais de 15 anos de experiencia em desenvolvimento de sistemas para automa\u00e7\u00e3o comercial, SAT, NFCe, NFe, Cte entre outros tanto em Delphi quanto em PHP, Consultor e Palestrante para desenvolvimento, gest\u00e3o\u2026","rel":"","context":"Post similar","img":{"alt_text":"","src":"","width":0,"height":0},"classes":[]},{"id":794,"url":"https:\/\/opiniaodetudo.com\/index.php\/anuncie-no-emissor-gratuito-de-sat\/","url_meta":{"origin":1923,"position":2},"title":"Anuncie no Emissor Gratuito de SAT","date":"julho 5, 2017","format":false,"excerpt":"Voc\u00ea deve saber que muitas pessoas usam o nosso emissor gratuito de SAT, e todas essas pessoas ao abrir o emissor ver\u00e3o as propagandas obrigatoriamente no emissor, caso voc\u00ea tenha interesse em divulgar a sua marca no nosso emissor verifique os planos abaixo Atualmente temos dispon\u00edveis 4 \u00a0espa\u00e7os para propagandas\u2026","rel":"","context":"Post similar","img":{"alt_text":"","src":"","width":0,"height":0},"classes":[]},{"id":1926,"url":"https:\/\/opiniaodetudo.com\/index.php\/palestras\/","url_meta":{"origin":1923,"position":3},"title":"Palestras","date":"julho 12, 2023","format":false,"excerpt":"Titulo: Professor 4.0 Aprimore suas habilidades educacionais com a tecnologia em nossa palestra! Descubra como a tecnologia pode ajudar a melhorar o aprendizado e tornar a educa\u00e7\u00e3o mais eficaz.\u00a0 P\u00fablico alvo Esta palestra \u00e9 direcionada especificamente para professores e tem como objetivo incentivar a import\u00e2ncia da qualifica\u00e7\u00e3o e evolu\u00e7\u00e3o profissional.\u2026","rel":"","context":"Post similar","img":{"alt_text":"","src":"https:\/\/i2.wp.com\/img.youtube.com\/vi\/gvqlffw3gCM\/0.jpg?resize=350%2C200","width":350,"height":200},"classes":[]}],"_links":{"self":[{"href":"https:\/\/opiniaodetudo.com\/index.php\/wp-json\/wp\/v2\/pages\/1923"}],"collection":[{"href":"https:\/\/opiniaodetudo.com\/index.php\/wp-json\/wp\/v2\/pages"}],"about":[{"href":"https:\/\/opiniaodetudo.com\/index.php\/wp-json\/wp\/v2\/types\/page"}],"author":[{"embeddable":true,"href":"https:\/\/opiniaodetudo.com\/index.php\/wp-json\/wp\/v2\/users\/1"}],"replies":[{"embeddable":true,"href":"https:\/\/opiniaodetudo.com\/index.php\/wp-json\/wp\/v2\/comments?post=1923"}],"version-history":[{"count":10,"href":"https:\/\/opiniaodetudo.com\/index.php\/wp-json\/wp\/v2\/pages\/1923\/revisions"}],"predecessor-version":[{"id":1958,"href":"https:\/\/opiniaodetudo.com\/index.php\/wp-json\/wp\/v2\/pages\/1923\/revisions\/1958"}],"wp:attachment":[{"href":"https:\/\/opiniaodetudo.com\/index.php\/wp-json\/wp\/v2\/media?parent=1923"}],"curies":[{"name":"wp","href":"https:\/\/api.w.org\/{rel}","templated":true}]}}