{"id":1926,"date":"2023-07-12T17:05:58","date_gmt":"2023-07-12T17:05:58","guid":{"rendered":"http:\/\/opiniaodetudo.com\/?page_id=1926"},"modified":"2023-12-18T21:07:22","modified_gmt":"2023-12-18T21:07:22","slug":"palestras","status":"publish","type":"page","link":"https:\/\/opiniaodetudo.com\/index.php\/palestras\/","title":{"rendered":"Palestras"},"content":{"rendered":"\n<p><strong>Titulo: Professor 4.0<\/strong><\/p>\n\n\n\n<p>Aprimore suas habilidades educacionais com a tecnologia em nossa palestra! Descubra como a tecnologia pode ajudar a melhorar o aprendizado e tornar a educa\u00e7\u00e3o mais eficaz.&nbsp;<\/p>\n\n\n\n<p><strong>P\u00fablico alvo<\/strong><\/p>\n\n\n\n<p>Esta palestra \u00e9 direcionada especificamente para professores e tem como objetivo incentivar a import\u00e2ncia da qualifica\u00e7\u00e3o e evolu\u00e7\u00e3o profissional. Al\u00e9m disso, ser\u00e3o abordados t\u00f3picos importantes como o uso da tecnologia em sala de aula e como ela pode ajudar ou prejudicar os alunos, bem como a gest\u00e3o do tempo, finan\u00e7as e sa\u00fade do profissional da educa\u00e7\u00e3o para que ele possa lidar com as demandas da profiss\u00e3o. N\u00e3o perca esta oportunidade \u00fanica de expandir seus conhecimentos e melhorar suas habilidades<\/p>\n\n\n\n<p><strong>Sobre o Palestrante<\/strong><\/p>\n\n\n\n<div class=\"wp-block-group\"><div class=\"wp-block-group__inner-container is-layout-flow wp-block-group-is-layout-flow\">\n<p>Professor Andr\u00e9 Luiz G. de Macedo \u00e9<\/p>\n\n\n\n<p>Esp. em Tecnologias na Educa\u00e7\u00e3o a Dist\u00e2ncia<\/p>\n\n\n\n<p>Esp. em Consultoria WEB <\/p>\n\n\n\n<p>e possui mais de 15 anos de Experi\u00eancia em educa\u00e7\u00e3o t\u00e9cnica e superior.<\/p>\n<\/div><\/div>\n\n\n\n<p><strong>Para informa\u00e7\u00f5es sobre valores, agenda de disponibilidade e contratar essa palestra entre em contato atrav\u00e9s do email: andre_luiz@etecbebedouro.com.br<\/strong><\/p>\n\n\n\n<p><\/p>\n\n\n\n<p>Veja Um pouquinho do que rolou na \u00daltima Palestra Professor 4.0<\/p>\n\n\n\n<figure class=\"wp-block-embed is-type-video is-provider-youtube wp-block-embed-youtube wp-embed-aspect-16-9 wp-has-aspect-ratio\"><div class=\"wp-block-embed__wrapper\">\n<span class=\"embed-youtube\" style=\"text-align:center; display: block;\"><iframe class='youtube-player' width='648' height='365' src='https:\/\/www.youtube.com\/embed\/gvqlffw3gCM?version=3&#038;rel=1&#038;fs=1&#038;autohide=2&#038;showsearch=0&#038;showinfo=1&#038;iv_load_policy=1&#038;wmode=transparent' allowfullscreen='true' style='border:0;'><\/iframe><\/span>\n<\/div><\/figure>\n","protected":false},"excerpt":{"rendered":"<p>Titulo: Professor 4.0 Aprimore suas habilidades educacionais com a tecnologia em nossa palestra! Descubra como a tecnologia pode ajudar a melhorar o aprendizado e tornar a educa\u00e7\u00e3o mais eficaz.&nbsp; P\u00fablico alvo Esta palestra \u00e9 direcionada especificamente para professores e tem como objetivo incentivar a import\u00e2ncia da qualifica\u00e7\u00e3o e evolu\u00e7\u00e3o profissional. Al\u00e9m disso, ser\u00e3o abordados t\u00f3picos [&hellip;]<\/p>\n","protected":false},"author":1,"featured_media":0,"parent":0,"menu_order":0,"comment_status":"closed","ping_status":"closed","template":"","meta":{"spay_email":"","footnotes":""},"jetpack_sharing_enabled":true,"jetpack_shortlink":"https:\/\/wp.me\/P6N3xn-v4","jetpack-related-posts":[{"id":9,"url":"https:\/\/opiniaodetudo.com\/index.php\/sobre-2\/","url_meta":{"origin":1926,"position":0},"title":"Sobre","date":"setembro 11, 2015","format":false,"excerpt":"Graduado em processamento de dados, Licenciado em Inform\u00e1tica, Especialista em Consultoria Web e Tecnologias na Educa\u00e7\u00e3o a dist\u00e2ncia, com mais de 15 anos de experiencia em desenvolvimento de sistemas para automa\u00e7\u00e3o comercial, SAT, NFCe, NFe, Cte entre outros tanto em Delphi quanto em PHP, Consultor e Palestrante para desenvolvimento, gest\u00e3o\u2026","rel":"","context":"Post similar","img":{"alt_text":"","src":"","width":0,"height":0},"classes":[]},{"id":1923,"url":"https:\/\/opiniaodetudo.com\/index.php\/dominandoodelphi\/","url_meta":{"origin":1926,"position":1},"title":"Curso - Dominando o Delphi","date":"julho 12, 2023","format":false,"excerpt":"Dominando Delphi CARGA Hor\u00e1ria 18 Horas Acesse o Nosso Grupo no Whatsapp e mantenha-se informado: https:\/\/chat.whatsapp.com\/KqfqGl3JM4Q8ZNRwigulJZ \ud83d\ude80 Descubra o poder do desenvolvimento de aplicativos com Delphi! \ud83d\ude80 \ud83d\udce2 D\u00ea os primeiros passos no mundo da programa\u00e7\u00e3o com o curso \"Dominando Delphi: Curso para Iniciantes\". Aprenda a criar aplicativos incr\u00edveis e\u2026","rel":"","context":"Post similar","img":{"alt_text":"","src":"https:\/\/i1.wp.com\/img.youtube.com\/vi\/\/0.jpg?resize=350%2C200","width":350,"height":200},"classes":[]},{"id":118,"url":"https:\/\/opiniaodetudo.com\/index.php\/contato\/","url_meta":{"origin":1926,"position":2},"title":"Contato","date":"outubro 3, 2015","format":false,"excerpt":"Entre em contato com a Administra\u00e7\u00e3o do Blog opiniaodetudo.com","rel":"","context":"Post similar","img":{"alt_text":"","src":"","width":0,"height":0},"classes":[]},{"id":794,"url":"https:\/\/opiniaodetudo.com\/index.php\/anuncie-no-emissor-gratuito-de-sat\/","url_meta":{"origin":1926,"position":3},"title":"Anuncie no Emissor Gratuito de SAT","date":"julho 5, 2017","format":false,"excerpt":"Voc\u00ea deve saber que muitas pessoas usam o nosso emissor gratuito de SAT, e todas essas pessoas ao abrir o emissor ver\u00e3o as propagandas obrigatoriamente no emissor, caso voc\u00ea tenha interesse em divulgar a sua marca no nosso emissor verifique os planos abaixo Atualmente temos dispon\u00edveis 4 \u00a0espa\u00e7os para propagandas\u2026","rel":"","context":"Post similar","img":{"alt_text":"","src":"","width":0,"height":0},"classes":[]},{"id":1286,"url":"https:\/\/opiniaodetudo.com\/index.php\/grupo-telegram\/","url_meta":{"origin":1926,"position":4},"title":"Grupo Telegram","date":"maio 5, 2019","format":false,"excerpt":"Regras do Grupo: 1- O Assunto do grupo se limita a Desenvolvimento em Delphi e PHP. 2- Todos os membros ativos no grupo poder\u00e3o responder as d\u00favidas dos outros membros. 3- Eu serei apenas um intermediador do grupo.. e tentarei sanar as d\u00favidas que estiverem dentro do meu conhecimento como\u2026","rel":"","context":"Post similar","img":{"alt_text":"","src":"","width":0,"height":0},"classes":[]}],"_links":{"self":[{"href":"https:\/\/opiniaodetudo.com\/index.php\/wp-json\/wp\/v2\/pages\/1926"}],"collection":[{"href":"https:\/\/opiniaodetudo.com\/index.php\/wp-json\/wp\/v2\/pages"}],"about":[{"href":"https:\/\/opiniaodetudo.com\/index.php\/wp-json\/wp\/v2\/types\/page"}],"author":[{"embeddable":true,"href":"https:\/\/opiniaodetudo.com\/index.php\/wp-json\/wp\/v2\/users\/1"}],"replies":[{"embeddable":true,"href":"https:\/\/opiniaodetudo.com\/index.php\/wp-json\/wp\/v2\/comments?post=1926"}],"version-history":[{"count":4,"href":"https:\/\/opiniaodetudo.com\/index.php\/wp-json\/wp\/v2\/pages\/1926\/revisions"}],"predecessor-version":[{"id":1980,"href":"https:\/\/opiniaodetudo.com\/index.php\/wp-json\/wp\/v2\/pages\/1926\/revisions\/1980"}],"wp:attachment":[{"href":"https:\/\/opiniaodetudo.com\/index.php\/wp-json\/wp\/v2\/media?parent=1926"}],"curies":[{"name":"wp","href":"https:\/\/api.w.org\/{rel}","templated":true}]}}