{"id":325,"date":"2015-10-26T11:20:46","date_gmt":"2015-10-26T11:20:46","guid":{"rendered":"http:\/\/opiniaodetudo.com\/?page_id=325"},"modified":"2015-10-26T11:20:46","modified_gmt":"2015-10-26T11:20:46","slug":"video-aulas","status":"publish","type":"page","link":"https:\/\/opiniaodetudo.com\/index.php\/video-aulas\/","title":{"rendered":"V\u00eddeo Aulas"},"content":{"rendered":"","protected":false},"excerpt":{"rendered":"","protected":false},"author":1,"featured_media":0,"parent":0,"menu_order":0,"comment_status":"closed","ping_status":"closed","template":"","meta":{"spay_email":"","footnotes":""},"jetpack_sharing_enabled":true,"jetpack_shortlink":"https:\/\/wp.me\/P6N3xn-5f","jetpack-related-posts":[{"id":1923,"url":"https:\/\/opiniaodetudo.com\/index.php\/dominandoodelphi\/","url_meta":{"origin":325,"position":0},"title":"Curso - Dominando o Delphi","date":"julho 12, 2023","format":false,"excerpt":"Dominando Delphi CARGA Hor\u00e1ria 18 Horas Acesse o Nosso Grupo no Whatsapp e mantenha-se informado: https:\/\/chat.whatsapp.com\/KqfqGl3JM4Q8ZNRwigulJZ \ud83d\ude80 Descubra o poder do desenvolvimento de aplicativos com Delphi! \ud83d\ude80 \ud83d\udce2 D\u00ea os primeiros passos no mundo da programa\u00e7\u00e3o com o curso \"Dominando Delphi: Curso para Iniciantes\". Aprenda a criar aplicativos incr\u00edveis e\u2026","rel":"","context":"Post similar","img":{"alt_text":"","src":"https:\/\/i1.wp.com\/img.youtube.com\/vi\/\/0.jpg?resize=350%2C200","width":350,"height":200},"classes":[]}],"_links":{"self":[{"href":"https:\/\/opiniaodetudo.com\/index.php\/wp-json\/wp\/v2\/pages\/325"}],"collection":[{"href":"https:\/\/opiniaodetudo.com\/index.php\/wp-json\/wp\/v2\/pages"}],"about":[{"href":"https:\/\/opiniaodetudo.com\/index.php\/wp-json\/wp\/v2\/types\/page"}],"author":[{"embeddable":true,"href":"https:\/\/opiniaodetudo.com\/index.php\/wp-json\/wp\/v2\/users\/1"}],"replies":[{"embeddable":true,"href":"https:\/\/opiniaodetudo.com\/index.php\/wp-json\/wp\/v2\/comments?post=325"}],"version-history":[{"count":1,"href":"https:\/\/opiniaodetudo.com\/index.php\/wp-json\/wp\/v2\/pages\/325\/revisions"}],"predecessor-version":[{"id":326,"href":"https:\/\/opiniaodetudo.com\/index.php\/wp-json\/wp\/v2\/pages\/325\/revisions\/326"}],"wp:attachment":[{"href":"https:\/\/opiniaodetudo.com\/index.php\/wp-json\/wp\/v2\/media?parent=325"}],"curies":[{"name":"wp","href":"https:\/\/api.w.org\/{rel}","templated":true}]}}