{"id":794,"date":"2017-07-05T20:13:56","date_gmt":"2017-07-05T20:13:56","guid":{"rendered":"http:\/\/opiniaodetudo.com\/?page_id=794"},"modified":"2017-07-05T20:29:09","modified_gmt":"2017-07-05T20:29:09","slug":"anuncie-no-emissor-gratuito-de-sat","status":"publish","type":"page","link":"https:\/\/opiniaodetudo.com\/index.php\/anuncie-no-emissor-gratuito-de-sat\/","title":{"rendered":"Anuncie no Emissor Gratuito de SAT"},"content":{"rendered":"<p>Voc\u00ea deve saber que muitas pessoas usam o nosso emissor gratuito de SAT, e todas essas pessoas ao abrir o emissor ver\u00e3o as propagandas obrigatoriamente no emissor, caso voc\u00ea tenha interesse em divulgar a sua marca no nosso emissor verifique os planos abaixo<\/p>\n<p>Atualmente temos dispon\u00edveis 4 \u00a0espa\u00e7os para propagandas medindo 300 x 250 PX<\/p>\n<p>Para Solicitar um espa\u00e7o de 300x250px<\/p>\n<p>Por 2 Meses voc\u00ea paga R$100,00<\/p>\n<p>Por 6 Meses voc\u00ea paga R$300,00<\/p>\n<p>Por 1 Ano voc\u00ea paga R$400,00<\/p>\n<p>&nbsp;<\/p>\n<p>Se voc\u00ea quiser usar um espa\u00e7o Duplo de 600 x 250px<\/p>\n<p>Por 2 Meses voc\u00ea paga R$200,00<\/p>\n<p>Por 6 Meses voc\u00ea paga R$400,00<\/p>\n<p>Por 1 Ano voc\u00ea paga R$600,00<\/p>\n<p>Se tiver interesse em anunciar no nosso emissor gratuito basta que voc\u00ea<\/p>\n<p>Preencha o Formul\u00e1rio abaixo para Anunciar seu Produto ou servi\u00e7o no Emissor Gratuito de SAT<\/p>\n<div id='contact-form-794'>\n<form action='https:\/\/opiniaodetudo.com\/index.php\/anuncie-no-emissor-gratuito-de-sat\/#contact-form-794' method='post' class='contact-form commentsblock'>\n\n<div class='grunion-field-wrap grunion-field-name-wrap'  >\n<label\n\t\t\t\tfor='g794-nome'\n\t\t\t\tclass='grunion-field-label name'\n\t\t\t\t>Nome<span>(obrigat\u00f3rio)<\/span><\/label>\n<input\n\t\t\t\t\ttype='text'\n\t\t\t\t\tname='g794-nome'\n\t\t\t\t\tid='g794-nome'\n\t\t\t\t\tvalue=''\n\t\t\t\t\tclass='name' \n\t\t\t\t\trequired aria-required='true'\n\t\t\t\t\/>\n\t<\/div>\n\n<div class='grunion-field-wrap grunion-field-email-wrap'  >\n<label\n\t\t\t\tfor='g794-email'\n\t\t\t\tclass='grunion-field-label email'\n\t\t\t\t>E-mail<span>(obrigat\u00f3rio)<\/span><\/label>\n<input\n\t\t\t\t\ttype='email'\n\t\t\t\t\tname='g794-email'\n\t\t\t\t\tid='g794-email'\n\t\t\t\t\tvalue=''\n\t\t\t\t\tclass='email' \n\t\t\t\t\trequired aria-required='true'\n\t\t\t\t\/>\n\t<\/div>\n\n<div class='grunion-field-wrap grunion-field-url-wrap'  >\n<label\n\t\t\t\tfor='g794-site'\n\t\t\t\tclass='grunion-field-label url'\n\t\t\t\t>Site<\/label>\n<input\n\t\t\t\t\ttype='url'\n\t\t\t\t\tname='g794-site'\n\t\t\t\t\tid='g794-site'\n\t\t\t\t\tvalue=''\n\t\t\t\t\tclass='url' \n\t\t\t\t\t\n\t\t\t\t\/>\n\t<\/div>\n\n<div class='grunion-field-wrap grunion-field-select-wrap'  >\n<label\n\t\t\t\tfor='g794-novocampo'\n\t\t\t\tclass='grunion-field-label select'\n\t\t\t\t>Novo campo<span>(obrigat\u00f3rio)<\/span><\/label>\n\t<select name='g794-novocampo' id='g794-novocampo' class='select' required aria-required='true'>\n\t\t<option value='Plano 1 - R$100'>Plano 1 - R$100<\/option>\n\t\t<option value='00 - 2 Meses'>00 - 2 Meses<\/option>\n\t\t<option value='Plano 2 - R$300'>Plano 2 - R$300<\/option>\n\t\t<option value='00 - 6 Meses'>00 - 6 Meses<\/option>\n\t\t<option value='Plano 3 - R$400'>Plano 3 - R$400<\/option>\n\t\t<option value='00 - 1 Ano'>00 - 1 Ano<\/option>\n\t\t<option value='Plano 4 - R$200'>Plano 4 - R$200<\/option>\n\t\t<option value='00 - 2 Meses'>00 - 2 Meses<\/option>\n\t\t<option value='Plano 5 - R$400'>Plano 5 - R$400<\/option>\n\t\t<option value='00 - 6 Meses'>00 - 6 Meses<\/option>\n\t\t<option value='Plano 6 - R$600'>Plano 6 - R$600<\/option>\n\t\t<option value='00 - 1 Ano'>00 - 1 Ano<\/option>\n\t<\/select>\n\t<\/div>\n\t<p class='contact-submit'>\n\t\t<button type='submit' class='pushbutton-wide'>Enviar<\/button>\t\t<input type='hidden' name='contact-form-id' value='794' \/>\n\t\t<input type='hidden' name='action' value='grunion-contact-form' \/>\n\t\t<input type='hidden' name='contact-form-hash' value='5adab152eb6d5431eb9f2c19fac3cb03cc7e94b5' \/>\n\t<\/p>\n<\/form>\n<\/div>\n","protected":false},"excerpt":{"rendered":"<p>Voc\u00ea deve saber que muitas pessoas usam o nosso emissor gratuito de SAT, e todas essas pessoas ao abrir o emissor ver\u00e3o as propagandas obrigatoriamente no emissor, caso voc\u00ea tenha interesse em divulgar a sua marca no nosso emissor verifique os planos abaixo Atualmente temos dispon\u00edveis 4 \u00a0espa\u00e7os para propagandas medindo 300 x 250 PX [&hellip;]<\/p>\n","protected":false},"author":1,"featured_media":0,"parent":0,"menu_order":0,"comment_status":"closed","ping_status":"closed","template":"","meta":{"spay_email":"","footnotes":""},"jetpack_sharing_enabled":true,"jetpack_shortlink":"https:\/\/wp.me\/P6N3xn-cO","jetpack-related-posts":[{"id":1923,"url":"https:\/\/opiniaodetudo.com\/index.php\/dominandoodelphi\/","url_meta":{"origin":794,"position":0},"title":"Curso - Dominando o Delphi","date":"julho 12, 2023","format":false,"excerpt":"Dominando Delphi CARGA Hor\u00e1ria 18 Horas Acesse o Nosso Grupo no Whatsapp e mantenha-se informado: https:\/\/chat.whatsapp.com\/KqfqGl3JM4Q8ZNRwigulJZ \ud83d\ude80 Descubra o poder do desenvolvimento de aplicativos com Delphi! \ud83d\ude80 \ud83d\udce2 D\u00ea os primeiros passos no mundo da programa\u00e7\u00e3o com o curso \"Dominando Delphi: Curso para Iniciantes\". Aprenda a criar aplicativos incr\u00edveis e\u2026","rel":"","context":"Post similar","img":{"alt_text":"","src":"https:\/\/i1.wp.com\/img.youtube.com\/vi\/\/0.jpg?resize=350%2C200","width":350,"height":200},"classes":[]},{"id":1286,"url":"https:\/\/opiniaodetudo.com\/index.php\/grupo-telegram\/","url_meta":{"origin":794,"position":1},"title":"Grupo Telegram","date":"maio 5, 2019","format":false,"excerpt":"Regras do Grupo: 1- O Assunto do grupo se limita a Desenvolvimento em Delphi e PHP. 2- Todos os membros ativos no grupo poder\u00e3o responder as d\u00favidas dos outros membros. 3- Eu serei apenas um intermediador do grupo.. e tentarei sanar as d\u00favidas que estiverem dentro do meu conhecimento como\u2026","rel":"","context":"Post similar","img":{"alt_text":"","src":"","width":0,"height":0},"classes":[]}],"_links":{"self":[{"href":"https:\/\/opiniaodetudo.com\/index.php\/wp-json\/wp\/v2\/pages\/794"}],"collection":[{"href":"https:\/\/opiniaodetudo.com\/index.php\/wp-json\/wp\/v2\/pages"}],"about":[{"href":"https:\/\/opiniaodetudo.com\/index.php\/wp-json\/wp\/v2\/types\/page"}],"author":[{"embeddable":true,"href":"https:\/\/opiniaodetudo.com\/index.php\/wp-json\/wp\/v2\/users\/1"}],"replies":[{"embeddable":true,"href":"https:\/\/opiniaodetudo.com\/index.php\/wp-json\/wp\/v2\/comments?post=794"}],"version-history":[{"count":3,"href":"https:\/\/opiniaodetudo.com\/index.php\/wp-json\/wp\/v2\/pages\/794\/revisions"}],"predecessor-version":[{"id":797,"href":"https:\/\/opiniaodetudo.com\/index.php\/wp-json\/wp\/v2\/pages\/794\/revisions\/797"}],"wp:attachment":[{"href":"https:\/\/opiniaodetudo.com\/index.php\/wp-json\/wp\/v2\/media?parent=794"}],"curies":[{"name":"wp","href":"https:\/\/api.w.org\/{rel}","templated":true}]}}