{"id":9,"date":"2015-09-11T18:13:39","date_gmt":"2015-09-11T18:13:39","guid":{"rendered":"http:\/\/opiniaodetudo.com\/?page_id=9"},"modified":"2023-07-12T14:58:43","modified_gmt":"2023-07-12T14:58:43","slug":"sobre-2","status":"publish","type":"page","link":"https:\/\/opiniaodetudo.com\/index.php\/sobre-2\/","title":{"rendered":"Sobre"},"content":{"rendered":"<figure id=\"attachment_42\" class=\"thumbnail wp-caption alignleft\" style=\"width: 160px\"><img loading=\"lazy\" decoding=\"async\" data-attachment-id=\"42\" data-permalink=\"https:\/\/opiniaodetudo.com\/index.php\/sobre-2\/capa\/\" data-orig-file=\"https:\/\/opiniaodetudo.com\/wp-content\/uploads\/2015\/09\/capa.png\" data-orig-size=\"250,250\" data-comments-opened=\"1\" data-image-meta=\"{&quot;aperture&quot;:&quot;0&quot;,&quot;credit&quot;:&quot;&quot;,&quot;camera&quot;:&quot;&quot;,&quot;caption&quot;:&quot;&quot;,&quot;created_timestamp&quot;:&quot;0&quot;,&quot;copyright&quot;:&quot;&quot;,&quot;focal_length&quot;:&quot;0&quot;,&quot;iso&quot;:&quot;0&quot;,&quot;shutter_speed&quot;:&quot;0&quot;,&quot;title&quot;:&quot;&quot;,&quot;orientation&quot;:&quot;0&quot;}\" data-image-title=\"capa\" data-image-description=\"\" data-medium-file=\"https:\/\/opiniaodetudo.com\/wp-content\/uploads\/2015\/09\/capa.png\" data-large-file=\"https:\/\/opiniaodetudo.com\/wp-content\/uploads\/2015\/09\/capa.png\" class=\"wp-image-42\" title=\"Andr\u00e9 Luiz Gon\u00e7alves de Macedo\" src=\"https:\/\/opiniaodetudo.com\/wp-content\/uploads\/2015\/09\/capa-150x150.png\" alt=\"capa\" width=\"150\" height=\"150\" srcset=\"https:\/\/opiniaodetudo.com\/wp-content\/uploads\/2015\/09\/capa-150x150.png 150w, https:\/\/opiniaodetudo.com\/wp-content\/uploads\/2015\/09\/capa.png 250w\" sizes=\"(max-width: 150px) 100vw, 150px\" \/><figcaption class=\"caption wp-caption-text\">Andr\u00e9 Luiz Gon\u00e7alves de Macedo<\/figcaption><\/figure>\n<p>Graduado em processamento de dados, Licenciado em Inform\u00e1tica, Especialista em Consultoria Web e Tecnologias na Educa\u00e7\u00e3o a dist\u00e2ncia, com mais de 15 anos de experiencia em desenvolvimento de sistemas para automa\u00e7\u00e3o comercial, SAT, NFCe, NFe, Cte entre outros tanto em Delphi quanto em PHP, Consultor e Palestrante para desenvolvimento, gest\u00e3o e melhoria de performance de equipe para empresas, software houses e Institui\u00e7\u00f5es de ensino<\/p>\n","protected":false},"excerpt":{"rendered":"<p>Graduado em processamento de dados, Licenciado em Inform\u00e1tica, Especialista em Consultoria Web e Tecnologias na Educa\u00e7\u00e3o a dist\u00e2ncia, com mais de 15 anos de experiencia em desenvolvimento de sistemas para automa\u00e7\u00e3o comercial, SAT, NFCe, NFe, Cte entre outros tanto em Delphi quanto em PHP, Consultor e Palestrante para desenvolvimento, gest\u00e3o e melhoria de performance de [&hellip;]<\/p>\n","protected":false},"author":1,"featured_media":0,"parent":0,"menu_order":0,"comment_status":"closed","ping_status":"closed","template":"","meta":{"spay_email":"","footnotes":""},"jetpack_sharing_enabled":true,"jetpack_shortlink":"https:\/\/wp.me\/P6N3xn-9","jetpack-related-posts":[{"id":1286,"url":"https:\/\/opiniaodetudo.com\/index.php\/grupo-telegram\/","url_meta":{"origin":9,"position":0},"title":"Grupo Telegram","date":"maio 5, 2019","format":false,"excerpt":"Regras do Grupo: 1- O Assunto do grupo se limita a Desenvolvimento em Delphi e PHP. 2- Todos os membros ativos no grupo poder\u00e3o responder as d\u00favidas dos outros membros. 3- Eu serei apenas um intermediador do grupo.. e tentarei sanar as d\u00favidas que estiverem dentro do meu conhecimento como\u2026","rel":"","context":"Post similar","img":{"alt_text":"","src":"","width":0,"height":0},"classes":[]},{"id":1923,"url":"https:\/\/opiniaodetudo.com\/index.php\/dominandoodelphi\/","url_meta":{"origin":9,"position":1},"title":"Curso - Dominando o Delphi","date":"julho 12, 2023","format":false,"excerpt":"Dominando Delphi CARGA Hor\u00e1ria 18 Horas Acesse o Nosso Grupo no Whatsapp e mantenha-se informado: https:\/\/chat.whatsapp.com\/KqfqGl3JM4Q8ZNRwigulJZ \ud83d\ude80 Descubra o poder do desenvolvimento de aplicativos com Delphi! \ud83d\ude80 \ud83d\udce2 D\u00ea os primeiros passos no mundo da programa\u00e7\u00e3o com o curso \"Dominando Delphi: Curso para Iniciantes\". Aprenda a criar aplicativos incr\u00edveis e\u2026","rel":"","context":"Post similar","img":{"alt_text":"","src":"https:\/\/i1.wp.com\/img.youtube.com\/vi\/\/0.jpg?resize=350%2C200","width":350,"height":200},"classes":[]},{"id":1926,"url":"https:\/\/opiniaodetudo.com\/index.php\/palestras\/","url_meta":{"origin":9,"position":2},"title":"Palestras","date":"julho 12, 2023","format":false,"excerpt":"Titulo: Professor 4.0 Aprimore suas habilidades educacionais com a tecnologia em nossa palestra! Descubra como a tecnologia pode ajudar a melhorar o aprendizado e tornar a educa\u00e7\u00e3o mais eficaz.\u00a0 P\u00fablico alvo Esta palestra \u00e9 direcionada especificamente para professores e tem como objetivo incentivar a import\u00e2ncia da qualifica\u00e7\u00e3o e evolu\u00e7\u00e3o profissional.\u2026","rel":"","context":"Post similar","img":{"alt_text":"","src":"https:\/\/i2.wp.com\/img.youtube.com\/vi\/gvqlffw3gCM\/0.jpg?resize=350%2C200","width":350,"height":200},"classes":[]},{"id":118,"url":"https:\/\/opiniaodetudo.com\/index.php\/contato\/","url_meta":{"origin":9,"position":3},"title":"Contato","date":"outubro 3, 2015","format":false,"excerpt":"Entre em contato com a Administra\u00e7\u00e3o do Blog opiniaodetudo.com","rel":"","context":"Post similar","img":{"alt_text":"","src":"","width":0,"height":0},"classes":[]},{"id":794,"url":"https:\/\/opiniaodetudo.com\/index.php\/anuncie-no-emissor-gratuito-de-sat\/","url_meta":{"origin":9,"position":4},"title":"Anuncie no Emissor Gratuito de SAT","date":"julho 5, 2017","format":false,"excerpt":"Voc\u00ea deve saber que muitas pessoas usam o nosso emissor gratuito de SAT, e todas essas pessoas ao abrir o emissor ver\u00e3o as propagandas obrigatoriamente no emissor, caso voc\u00ea tenha interesse em divulgar a sua marca no nosso emissor verifique os planos abaixo Atualmente temos dispon\u00edveis 4 \u00a0espa\u00e7os para propagandas\u2026","rel":"","context":"Post similar","img":{"alt_text":"","src":"","width":0,"height":0},"classes":[]}],"_links":{"self":[{"href":"https:\/\/opiniaodetudo.com\/index.php\/wp-json\/wp\/v2\/pages\/9"}],"collection":[{"href":"https:\/\/opiniaodetudo.com\/index.php\/wp-json\/wp\/v2\/pages"}],"about":[{"href":"https:\/\/opiniaodetudo.com\/index.php\/wp-json\/wp\/v2\/types\/page"}],"author":[{"embeddable":true,"href":"https:\/\/opiniaodetudo.com\/index.php\/wp-json\/wp\/v2\/users\/1"}],"replies":[{"embeddable":true,"href":"https:\/\/opiniaodetudo.com\/index.php\/wp-json\/wp\/v2\/comments?post=9"}],"version-history":[{"count":7,"href":"https:\/\/opiniaodetudo.com\/index.php\/wp-json\/wp\/v2\/pages\/9\/revisions"}],"predecessor-version":[{"id":1922,"href":"https:\/\/opiniaodetudo.com\/index.php\/wp-json\/wp\/v2\/pages\/9\/revisions\/1922"}],"wp:attachment":[{"href":"https:\/\/opiniaodetudo.com\/index.php\/wp-json\/wp\/v2\/media?parent=9"}],"curies":[{"name":"wp","href":"https:\/\/api.w.org\/{rel}","templated":true}]}}